{"id":2007,"date":"2025-07-22T15:46:12","date_gmt":"2025-07-22T13:46:12","guid":{"rendered":"https:\/\/legroupe-na.com\/?page_id=2007"},"modified":"2025-07-22T15:46:12","modified_gmt":"2025-07-22T13:46:12","slug":"bth-6","status":"publish","type":"page","link":"https:\/\/legroupe-na.com\/en\/our-companies\/bth-6\/","title":{"rendered":"BTH"},"content":{"rendered":"<p>[et_pb_section fb_built=&#8221;1&#8243; _builder_version=&#8221;4.27.3&#8243; _module_preset=&#8221;default&#8221; custom_margin=&#8221;||||false|false&#8221; custom_padding=&#8221;0px||0px|||&#8221; da_disable_devices=&#8221;off|off|off&#8221; global_colors_info=&#8221;{}&#8221; da_is_popup=&#8221;off&#8221; da_exit_intent=&#8221;off&#8221; da_has_close=&#8221;on&#8221; da_alt_close=&#8221;off&#8221; da_dark_close=&#8221;off&#8221; da_not_modal=&#8221;on&#8221; da_is_singular=&#8221;off&#8221; da_with_loader=&#8221;off&#8221; da_has_shadow=&#8221;on&#8221;][et_pb_row column_structure=&#8221;1_2,1_2&#8243; make_equal=&#8221;on&#8221; _builder_version=&#8221;4.24.0&#8243; _module_preset=&#8221;default&#8221; custom_padding=&#8221;||0px|||&#8221; global_colors_info=&#8221;{}&#8221;][et_pb_column type=&#8221;1_2&#8243; module_class=&#8221;centrer-verticalement&#8221; _builder_version=&#8221;4.24.0&#8243; _module_preset=&#8221;default&#8221; global_colors_info=&#8221;{}&#8221;][et_pb_image src=&#8221;https:\/\/legroupe-na.com\/wp-content\/uploads\/2025\/07\/EXPLOLUX.webp&#8221; title_text=&#8221;EXPLOLUX&#8221; force_fullwidth=&#8221;on&#8221; _builder_version=&#8221;4.27.4&#8243; _module_preset=&#8221;default&#8221; module_alignment=&#8221;center&#8221; animation_style=&#8221;slide&#8221; animation_direction=&#8221;left&#8221; global_colors_info=&#8221;{}&#8221;][\/et_pb_image][\/et_pb_column][et_pb_column type=&#8221;1_2&#8243; module_class=&#8221;centrer-verticalement&#8221; _builder_version=&#8221;4.24.0&#8243; _module_preset=&#8221;default&#8221; global_colors_info=&#8221;{}&#8221;][et_pb_text _builder_version=&#8221;4.24.0&#8243; _module_preset=&#8221;default&#8221; header_2_font=&#8221;|300|||||||&#8221; header_2_font_size=&#8221;39px&#8221; header_2_line_height=&#8221;1.4em&#8221; custom_margin=&#8221;0px||0px||false|false&#8221; custom_padding=&#8221;0px||0px||false|false&#8221; animation_style=&#8221;slide&#8221; animation_direction=&#8221;right&#8221; global_colors_info=&#8221;{}&#8221;]<\/p>\n<h2>SOCI\u00c9T\u00c9<\/h2>\n<p>[\/et_pb_text][et_pb_text _builder_version=&#8221;4.24.0&#8243; _dynamic_attributes=&#8221;content&#8221; _module_preset=&#8221;default&#8221; header_text_color=&#8221;#F18719&#8243; header_font_size=&#8221;35px&#8221; header_2_font=&#8221;|300|||||||&#8221; header_2_font_size=&#8221;39px&#8221; header_2_line_height=&#8221;1.4em&#8221; custom_margin=&#8221;||17px|||&#8221; custom_padding=&#8221;||0px|||&#8221; animation_style=&#8221;slide&#8221; animation_direction=&#8221;right&#8221; animation_delay=&#8221;250ms&#8221; global_colors_info=&#8221;{}&#8221;]@ET-DC@eyJkeW5hbWljIjp0cnVlLCJjb250ZW50IjoicG9zdF90aXRsZSIsInNldHRpbmdzIjp7ImJlZm9yZSI6IjxoMT4iLCJhZnRlciI6IjxcL2gxPiJ9fQ==@[\/et_pb_text][et_pb_text _builder_version=&#8221;4.27.4&#8243; _module_preset=&#8221;default&#8221; header_text_align=&#8221;left&#8221; header_2_font=&#8221;|||on|||||&#8221; header_2_text_color=&#8221;#F18719&#8243; header_2_font_size=&#8221;18px&#8221; header_2_line_height=&#8221;1.4em&#8221; text_orientation=&#8221;justified&#8221; custom_padding=&#8221;||0px|||&#8221; animation_style=&#8221;zoom&#8221; global_colors_info=&#8221;{}&#8221;]<\/p>\n<h2>EXPLOLUX L&#8217;EXPERTISE EN HAUTEUR AU C\u0152EUR DU LUXEMBOURG<\/h2>\n<p>EXPLOLUX, est sp\u00e9cialis\u00e9e dans les travaux d\u2019acc\u00e8s difficiles et les interventions techniques en hauteur et en milieux confin\u00e9s.<\/p>\n<p>Bas\u00e9e au Luxembourg, notre \u00e9quipe qualifi\u00e9e intervient avec pr\u00e9cision, efficacit\u00e9 et discr\u00e9tion sur des chantiers urbains, ou sensibles.<\/p>\n<p>\ud83d\udd38 Environnements urbains : fa\u00e7ades, toitures, infrastructures, ouvrages complexes<br \/>\ud83d\udd38 Espaces confin\u00e9s : interventions techniques et s\u00e9curisation<\/p>\n<p>&nbsp;<\/p>\n<h2>NOTRE SAVOIR-FAIRE :<\/h2>\n<ul>\n<li><strong>Travaux sur b\u00e2timents :<\/strong> ma\u00e7onnerie, peinture, \u00e9tanch\u00e9it\u00e9, plomberie<\/li>\n<li><strong>Nettoyage en hauteur :<\/strong> vitres, fa\u00e7ades, panneaux photovolta\u00efques \u00e0 l\u2019eau d\u00e9min\u00e9ralis\u00e9e<\/li>\n<li><strong>S\u00e9curisation :<\/strong> filets pare-gravats, lignes de vie, b\u00e2ches post-sinistre, dispositifs anti-volatiles<\/li>\n<li><strong>Maintenance technique :<\/strong> sablage, soudure, inspections visuelles, rapports photo, montage\/d\u00e9montage<\/li>\n<li><strong>Services aux syndics &amp; copropri\u00e9t\u00e9s :<\/strong> entretien des fa\u00e7ades, vitrerie inaccessible, s\u00e9curisation des structures<\/li>\n<li><strong>Travaux sur cordes :<\/strong> interventions sur mesure en toute s\u00e9curit\u00e9<\/li>\n<\/ul>\n<p>[\/et_pb_text][\/et_pb_column][\/et_pb_row][et_pb_row _builder_version=&#8221;4.27.3&#8243; _module_preset=&#8221;default&#8221; custom_padding=&#8221;0px|||||&#8221; animation_style=&#8221;slide&#8221; animation_direction=&#8221;bottom&#8221; global_colors_info=&#8221;{}&#8221;][et_pb_column type=&#8221;4_4&#8243; _builder_version=&#8221;4.27.3&#8243; _module_preset=&#8221;default&#8221; global_colors_info=&#8221;{}&#8221;][et_pb_text _builder_version=&#8221;4.27.4&#8243; _module_preset=&#8221;default&#8221; header_text_align=&#8221;left&#8221; header_2_font=&#8221;|||on|||||&#8221; header_2_text_color=&#8221;#F18719&#8243; header_2_font_size=&#8221;18px&#8221; header_2_line_height=&#8221;1.4em&#8221; text_orientation=&#8221;justified&#8221; custom_margin=&#8221;-2px|||||&#8221; custom_padding=&#8221;||0px|||&#8221; animation_style=&#8221;zoom&#8221; global_colors_info=&#8221;{}&#8221;]<\/p>\n<h2>POURQUOI CHOISIR EXPLOLUX<\/h2>\n<p>Parce que l\u2019acc\u00e8s difficile est notre quotidien.<br \/>Parce que l\u2019excellence technique est notre exigence.<br \/>Parce qu\u2019au Luxembourg, chaque mission m\u00e9rite un savoir-faire de haut niveau.<\/p>\n<ul>\n<li>Intervention rapide et discr\u00e8te en milieu urbain, industriel ou naturel<\/li>\n<li>Techniciens cordistes exp\u00e9riment\u00e9s et certifi\u00e9s<\/li>\n<li>Polyvalence : maintenance, s\u00e9curisation, nettoyage, travaux techniques<\/li>\n<li>\u00c9quipements performants et conformes aux derni\u00e8res normes<\/li>\n<li>Engagement s\u00e9curit\u00e9 &amp; qualit\u00e9 \u00e0 chaque \u00e9tape<\/li>\n<li>Proximit\u00e9 terrain, flexibilit\u00e9 et r\u00e9activit\u00e9<\/li>\n<\/ul>\n<p><strong>EXPLOLUX<\/strong>, c\u2019est l\u2019assurance d\u2019une intervention sur mesure, ma\u00eetris\u00e9e et conforme aux enjeux du terrain luxembourgeois.<\/p>\n<p>[\/et_pb_text][et_pb_button url_new_window=&#8221;on&#8221; button_text=&#8221;Visit their website&#8221; button_alignment=&#8221;center&#8221; _builder_version=&#8221;4.27.4&#8243; _module_preset=&#8221;default&#8221; custom_button=&#8221;on&#8221; button_text_size=&#8221;16px&#8221; animation_style=&#8221;slide&#8221; animation_direction=&#8221;bottom&#8221; global_colors_info=&#8221;{}&#8221;][\/et_pb_button][\/et_pb_column][\/et_pb_row][\/et_pb_section]<\/p>\n","protected":false},"excerpt":{"rendered":"<p>SOCI\u00c9T\u00c9EXPLOLUX L&#8217;EXPERTISE EN HAUTEUR AU C\u0152EUR DU LUXEMBOURG EXPLOLUX, est sp\u00e9cialis\u00e9e dans les travaux d\u2019acc\u00e8s difficiles et les interventions techniques en hauteur et en milieux confin\u00e9s. Bas\u00e9e au Luxembourg, notre \u00e9quipe qualifi\u00e9e intervient avec pr\u00e9cision, efficacit\u00e9 et discr\u00e9tion sur des chantiers urbains, ou sensibles. \ud83d\udd38 Environnements urbains : fa\u00e7ades, toitures, infrastructures, ouvrages complexes\ud83d\udd38 Espaces confin\u00e9s [&hellip;]<\/p>\n","protected":false},"author":1,"featured_media":0,"parent":1660,"menu_order":0,"comment_status":"closed","ping_status":"closed","template":"","meta":{"_et_pb_use_builder":"on","_et_pb_old_content":"","_et_gb_content_width":"","footnotes":""},"class_list":["post-2007","page","type-page","status-publish","hentry"],"yoast_head":"<!-- This site is optimized with the Yoast SEO plugin v27.4 - https:\/\/yoast.com\/product\/yoast-seo-wordpress\/ -->\n<title>BTH - Le Groupe NA<\/title>\n<meta name=\"robots\" content=\"index, follow, max-snippet:-1, max-image-preview:large, max-video-preview:-1\" \/>\n<link rel=\"canonical\" href=\"https:\/\/legroupe-na.com\/en\/our-companies\/bth-6\/\" \/>\n<meta property=\"og:locale\" content=\"en_US\" \/>\n<meta property=\"og:type\" content=\"article\" \/>\n<meta property=\"og:title\" content=\"BTH - Le Groupe NA\" \/>\n<meta property=\"og:description\" content=\"SOCI\u00c9T\u00c9EXPLOLUX L&#039;EXPERTISE EN HAUTEUR AU C\u0152EUR DU LUXEMBOURG EXPLOLUX, est sp\u00e9cialis\u00e9e dans les travaux d\u2019acc\u00e8s difficiles et les interventions techniques en hauteur et en milieux confin\u00e9s. Bas\u00e9e au Luxembourg, notre \u00e9quipe qualifi\u00e9e intervient avec pr\u00e9cision, efficacit\u00e9 et discr\u00e9tion sur des chantiers urbains, ou sensibles. \ud83d\udd38 Environnements urbains : fa\u00e7ades, toitures, infrastructures, ouvrages complexes\ud83d\udd38 Espaces confin\u00e9s [&hellip;]\" \/>\n<meta property=\"og:url\" content=\"https:\/\/legroupe-na.com\/en\/our-companies\/bth-6\/\" \/>\n<meta property=\"og:site_name\" content=\"Le Groupe NA\" \/>\n<meta name=\"twitter:card\" content=\"summary_large_image\" \/>\n<meta name=\"twitter:label1\" content=\"Est. reading time\" \/>\n\t<meta name=\"twitter:data1\" content=\"3 minutes\" \/>\n<script type=\"application\/ld+json\" class=\"yoast-schema-graph\">{\"@context\":\"https:\\\/\\\/schema.org\",\"@graph\":[{\"@type\":\"WebPage\",\"@id\":\"https:\\\/\\\/legroupe-na.com\\\/en\\\/our-companies\\\/bth-6\\\/\",\"url\":\"https:\\\/\\\/legroupe-na.com\\\/en\\\/our-companies\\\/bth-6\\\/\",\"name\":\"BTH - Le Groupe NA\",\"isPartOf\":{\"@id\":\"https:\\\/\\\/legroupe-na.com\\\/en\\\/#website\"},\"datePublished\":\"2025-07-22T13:46:12+00:00\",\"breadcrumb\":{\"@id\":\"https:\\\/\\\/legroupe-na.com\\\/en\\\/our-companies\\\/bth-6\\\/#breadcrumb\"},\"inLanguage\":\"en-US\",\"potentialAction\":[{\"@type\":\"ReadAction\",\"target\":[\"https:\\\/\\\/legroupe-na.com\\\/en\\\/our-companies\\\/bth-6\\\/\"]}]},{\"@type\":\"BreadcrumbList\",\"@id\":\"https:\\\/\\\/legroupe-na.com\\\/en\\\/our-companies\\\/bth-6\\\/#breadcrumb\",\"itemListElement\":[{\"@type\":\"ListItem\",\"position\":1,\"name\":\"Accueil\",\"item\":\"https:\\\/\\\/legroupe-na.com\\\/en\\\/home\\\/\"},{\"@type\":\"ListItem\",\"position\":2,\"name\":\"Our companies\",\"item\":\"https:\\\/\\\/legroupe-na.com\\\/en\\\/our-companies\\\/\"},{\"@type\":\"ListItem\",\"position\":3,\"name\":\"BTH\"}]},{\"@type\":\"WebSite\",\"@id\":\"https:\\\/\\\/legroupe-na.com\\\/en\\\/#website\",\"url\":\"https:\\\/\\\/legroupe-na.com\\\/en\\\/\",\"name\":\"Le Groupe NA\",\"description\":\"\",\"potentialAction\":[{\"@type\":\"SearchAction\",\"target\":{\"@type\":\"EntryPoint\",\"urlTemplate\":\"https:\\\/\\\/legroupe-na.com\\\/en\\\/?s={search_term_string}\"},\"query-input\":{\"@type\":\"PropertyValueSpecification\",\"valueRequired\":true,\"valueName\":\"search_term_string\"}}],\"inLanguage\":\"en-US\"}]}<\/script>\n<!-- \/ Yoast SEO plugin. -->","yoast_head_json":{"title":"BTH - Le Groupe NA","robots":{"index":"index","follow":"follow","max-snippet":"max-snippet:-1","max-image-preview":"max-image-preview:large","max-video-preview":"max-video-preview:-1"},"canonical":"https:\/\/legroupe-na.com\/en\/our-companies\/bth-6\/","og_locale":"en_US","og_type":"article","og_title":"BTH - Le Groupe NA","og_description":"SOCI\u00c9T\u00c9EXPLOLUX L'EXPERTISE EN HAUTEUR AU C\u0152EUR DU LUXEMBOURG EXPLOLUX, est sp\u00e9cialis\u00e9e dans les travaux d\u2019acc\u00e8s difficiles et les interventions techniques en hauteur et en milieux confin\u00e9s. Bas\u00e9e au Luxembourg, notre \u00e9quipe qualifi\u00e9e intervient avec pr\u00e9cision, efficacit\u00e9 et discr\u00e9tion sur des chantiers urbains, ou sensibles. \ud83d\udd38 Environnements urbains : fa\u00e7ades, toitures, infrastructures, ouvrages complexes\ud83d\udd38 Espaces confin\u00e9s [&hellip;]","og_url":"https:\/\/legroupe-na.com\/en\/our-companies\/bth-6\/","og_site_name":"Le Groupe NA","twitter_card":"summary_large_image","twitter_misc":{"Est. reading time":"3 minutes"},"schema":{"@context":"https:\/\/schema.org","@graph":[{"@type":"WebPage","@id":"https:\/\/legroupe-na.com\/en\/our-companies\/bth-6\/","url":"https:\/\/legroupe-na.com\/en\/our-companies\/bth-6\/","name":"BTH - Le Groupe NA","isPartOf":{"@id":"https:\/\/legroupe-na.com\/en\/#website"},"datePublished":"2025-07-22T13:46:12+00:00","breadcrumb":{"@id":"https:\/\/legroupe-na.com\/en\/our-companies\/bth-6\/#breadcrumb"},"inLanguage":"en-US","potentialAction":[{"@type":"ReadAction","target":["https:\/\/legroupe-na.com\/en\/our-companies\/bth-6\/"]}]},{"@type":"BreadcrumbList","@id":"https:\/\/legroupe-na.com\/en\/our-companies\/bth-6\/#breadcrumb","itemListElement":[{"@type":"ListItem","position":1,"name":"Accueil","item":"https:\/\/legroupe-na.com\/en\/home\/"},{"@type":"ListItem","position":2,"name":"Our companies","item":"https:\/\/legroupe-na.com\/en\/our-companies\/"},{"@type":"ListItem","position":3,"name":"BTH"}]},{"@type":"WebSite","@id":"https:\/\/legroupe-na.com\/en\/#website","url":"https:\/\/legroupe-na.com\/en\/","name":"Le Groupe NA","description":"","potentialAction":[{"@type":"SearchAction","target":{"@type":"EntryPoint","urlTemplate":"https:\/\/legroupe-na.com\/en\/?s={search_term_string}"},"query-input":{"@type":"PropertyValueSpecification","valueRequired":true,"valueName":"search_term_string"}}],"inLanguage":"en-US"}]}},"_links":{"self":[{"href":"https:\/\/legroupe-na.com\/en\/wp-json\/wp\/v2\/pages\/2007","targetHints":{"allow":["GET"]}}],"collection":[{"href":"https:\/\/legroupe-na.com\/en\/wp-json\/wp\/v2\/pages"}],"about":[{"href":"https:\/\/legroupe-na.com\/en\/wp-json\/wp\/v2\/types\/page"}],"author":[{"embeddable":true,"href":"https:\/\/legroupe-na.com\/en\/wp-json\/wp\/v2\/users\/1"}],"replies":[{"embeddable":true,"href":"https:\/\/legroupe-na.com\/en\/wp-json\/wp\/v2\/comments?post=2007"}],"version-history":[{"count":4,"href":"https:\/\/legroupe-na.com\/en\/wp-json\/wp\/v2\/pages\/2007\/revisions"}],"predecessor-version":[{"id":2012,"href":"https:\/\/legroupe-na.com\/en\/wp-json\/wp\/v2\/pages\/2007\/revisions\/2012"}],"up":[{"embeddable":true,"href":"https:\/\/legroupe-na.com\/en\/wp-json\/wp\/v2\/pages\/1660"}],"wp:attachment":[{"href":"https:\/\/legroupe-na.com\/en\/wp-json\/wp\/v2\/media?parent=2007"}],"curies":[{"name":"wp","href":"https:\/\/api.w.org\/{rel}","templated":true}]}}